{"id":8527,"date":"2023-12-13T13:53:05","date_gmt":"2023-12-13T13:53:05","guid":{"rendered":"https:\/\/mrmags.ca\/magsmeilleurprix\/?page_id=8527"},"modified":"2023-12-13T14:48:30","modified_gmt":"2023-12-13T14:48:30","slug":"pneus-neufs-nokian-hakkapeliitta-pour-lhiver","status":"publish","type":"page","link":"https:\/\/mrmags.ca\/magsmeilleurprix\/pneus-neufs-nokian-hakkapeliitta-pour-lhiver\/","title":{"rendered":"Pneus neufs Nokian Hakkapeliitta pour l&rsquo;hiver"},"content":{"rendered":"<div class=\"wpb-content-wrapper\"><p>[vc_row][vc_column][vc_column_text css=\u00a0\u00bb.vc_custom_1702478857307{padding-bottom: 20px !important;}\u00a0\u00bb]<\/p>\n<h1>Neufs ou usag\u00e9s, les meilleurs prix!<\/h1>\n<p>Nous vous offrons ici des pneus neufs de la c\u00e9l\u00e8bre marque Nokian con\u00e7us pour l&rsquo;hiver.<\/p>\n<p>Le mod\u00e8le Hakkapeliitta de la marque Nokian est l&rsquo;un des pneus les plus fiables sur le march\u00e9 mondial.<\/p>\n<p>Il b\u00e9n\u00e9ficie \u00e9galement de la meilleure garantie contre les risques routiers jusqu&rsquo;\u00e0 50 % d&rsquo;usure.<\/p>\n<p>Mr Mag est fier d&rsquo;offrir les pneus Nokian Hakkapeliitta au meilleur prix disponible au Qu\u00e9bec.<\/p>\n<p>Contactez-nous au 819-879-6366 pour r\u00e9server les v\u00f4tres d\u00e8s maintenant.<\/p>\n<p>Des pneus sp\u00e9cialement pour votre auto ou votre camion.<\/p>\n<p>Les pneus augmentent l&rsquo;adh\u00e9rence et la rapidit\u00e9 \u00e0 la route de tous les v\u00e9hicules. Mr Mags est l&rsquo;expert en vente et en installation de pneus, de roues et de jantes. Profitez de l&rsquo;exp\u00e9rience de toute l&rsquo;\u00e9quipe pour votre s\u00e9curit\u00e9.<\/p>\n<p>Saviez-vous qu&rsquo;en dessous de 7 degr\u00e9s, la gomme des pneus d&rsquo;\u00e9t\u00e9 devient dure et inefficace en cas de freinage d&rsquo;urgence? Trouvez chez Mr Mags les meilleurs pneus pour votre auto, au prix le plus bas.<\/p>\n<p>Mr. Mags offre un grand choix de pneus de qualit\u00e9 toute saison, performants, pour autos et camionnettes de toute marque. Notre \u00e9quipe vous aide \u00e0 trouver les bons pneus pour votre auto, camionnette ou VUS. Donnez-nous les renseignements sur votre v\u00e9hicule et nous vous recommanderons les meilleurs pneus pour vous.<\/p>\n<p>&nbsp;<\/p>\n<p>Nous avons des pneus Nokian Hakkapeliitta neufs et usag\u00e9s en stock dans les dimensions suivantes (veuillez noter qu&rsquo;une dimension peut ne pas \u00eatre disponible en raison d&rsquo;une rupture de stock, mais nous ferons de notre mieux pour vous trouver un pneu de la m\u00eame dimension dans une marque similaire) :<\/p>\n<p>R10<br \/>\n165\/70R10<\/p>\n<p>R12<br \/>\n135\/80R12 &#8211; 135\/70R12 &#8211; 145\/80R12 &#8211; 145\/70R12 &#8211; 155\/80R12 &#8211; 155\/75R12 &#8211; 155\/70R12 &#8211; 165\/70R12 &#8211; 165\/60R12<\/p>\n<p>R13<br \/>\n125\/80R13 &#8211; 135\/80R13 &#8211; 135\/70R13 &#8211; 145\/80R13 &#8211; 145\/70R13 &#8211; 145\/65R13 &#8211; 145\/60R13 &#8211; 155\/80R13 &#8211; 155\/75R13 &#8211; 155\/70R13 &#8211; 155\/65R13 &#8211; 155\/60R13 &#8211; 165\/80R13 &#8211; 165\/70R13 &#8211; 165\/65R13 &#8211; 165\/60R13 &#8211; 165\/55R13 &#8211; 175\/80R13 &#8211; 175\/75R13 &#8211; 175\/70R13 &#8211; 175\/65R13 &#8211; 175\/60R13 &#8211; 175\/50R13 &#8211; 185\/80R13 &#8211; 185\/75R13 &#8211; 185\/70R13 &#8211; 185\/65R13 &#8211; 185\/60R13 &#8211; 185\/55R13 &#8211; 190\/55R13 &#8211; 195\/70R13 &#8211; 205\/70R13 &#8211; 205\/65R13 &#8211; 205\/60R13<\/p>\n<p>R14<br \/>\n145\/80R14 &#8211; 155\/80R14 &#8211; 155\/70R14 &#8211; 155\/65R14 &#8211; 155\/60R14 &#8211; 155\/55R14 &#8211; 165\/80R14 &#8211; 165\/75R14 &#8211; 165\/70R14 &#8211; 165\/65R14 &#8211; 165\/60R14 &#8211; 165\/55R14 &#8211; 165\/50R14 &#8211; 170\/65R14 &#8211; 175\/80R14 &#8211; 175\/75R14 &#8211; 175\/70R14 &#8211; 175\/65R14 &#8211; 175\/60R14 &#8211; 175\/50R14 &#8211; 185\/80R14 &#8211; 185\/75R14 &#8211; 185\/70R14 &#8211; 185\/65R14 &#8211; 185\/60R14 &#8211; 185\/55R14 &#8211; 185\/50R14 &#8211; 195\/80R14 &#8211; 195\/75R14 &#8211; 195\/70R14 &#8211; 195\/65R14 &#8211; 195\/60R14 &#8211; 195\/55R14 &#8211; 205\/80R14 &#8211; 205\/75R14 &#8211; 205\/70R14 &#8211; 205\/65R14 &#8211; 205\/60R14 &#8211; 205\/55R14 &#8211; 215\/80R14 &#8211; 215\/75R14 &#8211; 215\/70R14 &#8211; 215\/65R14 &#8211; 215\/60R14 &#8211; 220\/78R14 &#8211; 225\/75R14 &#8211; 225\/70R14 &#8211; 225\/60R14 &#8211; 235\/60R14 &#8211; 265\/60R14<\/p>\n<p>R15<br \/>\n135\/70R15 &#8211; 145\/65R15 &#8211; 155\/80R15 &#8211; 155\/70R15 &#8211; 155\/65R15 &#8211; 155\/60R15 &#8211; 165\/80R15 &#8211; 165\/70R15 &#8211; 165\/65R15 &#8211; 165\/60R15 &#8211; 165\/55R15 &#8211; 165\/50R15 &#8211; 165\/45R15 &#8211; 175\/80R15 &#8211; 175\/70R15 &#8211; 175\/65R15 &#8211; 175\/60R15 &#8211; 175\/55R15 &#8211; 175\/50R15 &#8211; 185\/80R15 &#8211; 185\/75R15 &#8211; 185\/70R15 &#8211; 185\/65R15 &#8211; 185\/60R15 &#8211; 185\/55R15 &#8211; 185\/45R15 &#8211; 190\/65R15 &#8211; 190\/55R15 &#8211; 195\/80R15 &#8211; 195\/75R15 &#8211; 195\/70R15 &#8211; 195\/65R15 &#8211; 195\/60R15 &#8211; 195\/55R15 &#8211; 195\/50R15 &#8211; 195\/45R15 &#8211; 200\/78R15 &#8211; 205\/80R15 &#8211; 205\/75R15 &#8211; 205\/70R15 &#8211; 205\/65R15 &#8211; 205\/60R15 &#8211; 205\/55R15 &#8211; 205\/50R15 &#8211; 205\/45R15 &#8211; 215\/80R15 &#8211; 215\/75R15 &#8211; 215\/70R15 &#8211; 215\/65R15 &#8211; 215\/60R15 &#8211; 215\/50R15 &#8211; 220\/65R15 &#8211; 225\/80R15 &#8211; 225\/75R15 &#8211; 225\/70R15 &#8211; 225\/65R15 &#8211; 225\/60R15 &#8211; 225\/55R15 &#8211; 225\/50R15 &#8211; 225\/45R15 &#8211; 235\/80R15 &#8211; 235\/75R15 &#8211; 235\/70R15 &#8211; 235\/65R15 &#8211; 235\/60R15 &#8211; 245\/75R15 &#8211; 245\/70R15 &#8211; 245\/60R15 &#8211; 255\/75R15 &#8211; 255\/70R15 &#8211; 255\/60R15 &#8211; 265\/75R15 &#8211; 265\/70R15 &#8211; 275\/60R15 &#8211; 275\/55R15<\/p>\n<p>R16<br \/>\n115\/80R16 &#8211; 165\/50R16 &#8211; 165\/45R16 &#8211; 175\/80R16 &#8211; 175\/65R16 &#8211; 175\/60R16 &#8211; 175\/55R16 &#8211; 175\/50R16 &#8211; 185\/85R16 &#8211; 185\/75R16 &#8211; 185\/70R16 &#8211; 185\/65R16 &#8211; 185\/60R16 &#8211; 185\/55R16 &#8211; 185\/50R16 &#8211; 195\/75R16 &#8211; 195\/70R16 &#8211; 195\/65R16 &#8211; 195\/60R16 &#8211; 195\/55R16 &#8211; 195\/50R16 &#8211; 195\/45R16 &#8211; 195\/40R16 &#8211; 205\/80R16 &#8211; 205\/75R16 &#8211; 205\/70R16 &#8211; 205\/65R16 &#8211; 205\/60R16 &#8211; 205\/55R16 &#8211; 205\/50R16 &#8211; 205\/45R16 &#8211; 205\/40R16 &#8211; 215\/85R16 &#8211; 215\/80R16 &#8211; 215\/75R16 &#8211; 215\/70R16 &#8211; 215\/65R16 &#8211; 215\/60R16 &#8211; 215\/55R16 &#8211; 215\/50R16 &#8211; 215\/45R16 &#8211; 215\/40R16 &#8211; 225\/95R16 &#8211; 225\/75R16 &#8211; 225\/70R16 &#8211; 225\/65R16 &#8211; 225\/60R16 &#8211; 225\/55R16 &#8211; 225\/50R16 &#8211; 225\/45R16 &#8211; 225\/40R16 &#8211; 235\/85R16 &#8211; 235\/80R16 &#8211; 235\/75R16 &#8211; 235\/70R16 &#8211; 235\/65R16 &#8211; 235\/60R16 &#8211; 235\/55R16 &#8211; 235\/50R16 &#8211; 245\/75R16 &#8211; 245\/70R16 &#8211; 245\/65R16 &#8211; 245\/60R16 &#8211; 245\/55R16 &#8211; 245\/50R16 &#8211; 255\/70R16 &#8211; 255\/65R16 &#8211; 255\/60R16 &#8211; 255\/55R16 &#8211; 255\/50R16 &#8211; 265\/75R16 &#8211; 265\/70R16 &#8211; 265\/65R16 &#8211; 275\/70R16 &#8211; 275\/60R16 &#8211; 285\/70R16 &#8211; 285\/55R16<\/p>\n<p>R16.5<br \/>\n215\/85R16.5 &#8211; 235\/85R16.5<\/p>\n<p>R17<br \/>\n135\/50R17 &#8211; 175\/65R17 &#8211; 175\/55R17 &#8211; 185\/54R17 &#8211; 185\/50R17 &#8211; 185\/45R17 &#8211; 195\/60R17 &#8211; 195\/55R17 &#8211; 195\/45R17 &#8211; 195\/40R17 &#8211; 205\/70R17 &#8211; 205\/65R17 &#8211; 205\/60R17 &#8211; 205\/55R17 &#8211; 205\/50R17 &#8211; 205\/45R17 &#8211; 205\/40R17 &#8211; 215\/70R17 &#8211; 215\/65R17 &#8211; 215\/60R17 &#8211; 215\/55R17 &#8211; 215\/50R17 &#8211; 215\/45R17 &#8211; 215\/40R17 &#8211; 215\/35R17 &#8211; 225\/70R17 &#8211; 225\/65R17 &#8211; 225\/60R17 &#8211; 225\/55R17 &#8211; 225\/50R17 &#8211; 225\/45R17 &#8211; 225\/40R17 &#8211; 225\/35R17 &#8211; 235\/80R17 &#8211; 235\/75R17 &#8211; 235\/70R17 &#8211; 235\/65R17 &#8211; 235\/60R17 &#8211; 235\/55R17 &#8211; 235\/50R17 &#8211; 235\/45R17 &#8211; 235\/40R17 &#8211; 245\/75R17 &#8211; 245\/70R17 &#8211; 245\/65R17 &#8211; 245\/60R17 &#8211; 245\/55R17 &#8211; 245\/50R17 &#8211; 245\/45R17 &#8211; 245\/40R17 &#8211; 245\/35R17 &#8211; 255\/75R17 &#8211; 255\/70R17 &#8211; 255\/65R17 &#8211; 255\/60R17 &#8211; 255\/55R17 &#8211; 255\/50R17 &#8211; 255\/45R17 &#8211; 255\/40R17 &#8211; 265\/70R17 &#8211; 265\/65R17 &#8211; 265\/60R17 &#8211; 265\/55R17 &#8211; 265\/40R17 &#8211; 275\/70R17 &#8211; 275\/65R17 &#8211; 275\/60R17 &#8211; 275\/55R17 &#8211; 275\/45R17 &#8211; 275\/40R17 &#8211; 285\/70R17 &#8211; 285\/65R17 &#8211; 315\/70R17<\/p>\n<p>R18<br \/>\n175\/60R18 &#8211; 195\/60R18 &#8211; 195\/50R18 &#8211; 205\/60R18 &#8211; 205\/55R18 &#8211; 205\/50R18 &#8211; 205\/45R18 &#8211; 205\/40R18 &#8211; 205\/35R18 &#8211; 215\/85R18 &#8211; 215\/60R18 &#8211; 215\/55R18 &#8211; 215\/50R18 &#8211; 215\/45R18 &#8211; 215\/40R18 &#8211; 215\/35R18 &#8211; 225\/65R18 &#8211; 225\/60R18 &#8211; 225\/55R18 &#8211; 225\/50R18 &#8211; 225\/48R18 &#8211; 225\/45R18 &#8211; 225\/40R18 &#8211; 225\/35R18 &#8211; 235\/65R18 &#8211; 235\/60R18 &#8211; 235\/55R18 &#8211; 235\/50R18 &#8211; 235\/45R18 &#8211; 235\/40R18 &#8211; 235\/35R18 &#8211; 245\/70R18 &#8211; 245\/65R18 &#8211; 245\/60R18 &#8211; 245\/55R18 &#8211; 245\/50R18 &#8211; 245\/45R18 &#8211; 245\/40R18 &#8211; 245\/35R18 &#8211; 255\/70R18 &#8211; 255\/65R18 &#8211; 255\/60R18 &#8211; 255\/55R18 &#8211; 255\/50R18 &#8211; 255\/45R18 &#8211; 255\/40R18 &#8211; 255\/35R18 &#8211; 265\/70R18 &#8211; 265\/65R18 &#8211; 265\/60R18 &#8211; 265\/55R18 &#8211; 265\/50R18 &#8211; 265\/45R18 &#8211; 265\/40R18 &#8211; 265\/35R18 &#8211; 275\/70R18 &#8211; 275\/65R18 &#8211; 275\/60R18 &#8211; 275\/55R18 &#8211; 275\/40R18 &#8211; 275\/35R18 &#8211; 285\/65R18 &#8211; 285\/60R18 &#8211; 285\/55R18 &#8211; 285\/50R18 &#8211; 285\/45R18 &#8211; 285\/30R18 &#8211; 295\/30R18 &#8211; 305\/60R18 &#8211; 315\/680R18 &#8211; 315\/30R18<\/p>\n<p>R19<br \/>\n155\/70R19 &#8211; 195\/50R19 &#8211; 205\/55R19 &#8211; 215\/50R19 &#8211; 215\/35R19 &#8211; 225\/55R19 &#8211; 225\/50R19 &#8211; 225\/45R19 &#8211; 225\/40R19 &#8211; 225\/35R19 &#8211; 235\/65R19 &#8211; 235\/60R19 &#8211; 235\/55R19 &#8211; 235\/50R19 &#8211; 235\/45R19 &#8211; 235\/40R19 &#8211; 235\/35R19 &#8211; 235\/30R19 &#8211; 245\/55R19 &#8211; 245\/50R19 &#8211; 245\/45R19 &#8211; 245\/40R19 &#8211; 245\/35R19 &#8211; 245\/30R19 &#8211; 255\/65R19 &#8211; 255\/60R19 &#8211; 255\/55R19 &#8211; 255\/50R19 &#8211; 255\/45R19 &#8211; 255\/40R19 &#8211; 255\/35R19 &#8211; 255\/30R19 &#8211; 265\/60R19 &#8211; 265\/55R19 &#8211; 265\/50R19 &#8211; 265\/45R19 &#8211; 265\/40R19 &#8211; 265\/35R19 &#8211; 265\/30R19 &#8211; 275\/55R19 &#8211; 275\/50R19 &#8211; 275\/45R19 &#8211; 275\/40R19 &#8211; 275\/35R19 &#8211; 275\/30R19 &#8211; 285\/55R19 &#8211; 285\/45R19 &#8211; 285\/35R19 &#8211; 285\/30R19 &#8211; 295\/45R19 &#8211; 295\/35R19 &#8211; 305\/30R19<\/p>\n<p>R19.5<br \/>\n245\/70R19.5<\/p>\n<p>R20<br \/>\n155\/60R20 &#8211; 175\/55R20 &#8211; 195\/55R20 &#8211; 195\/50R20 &#8211; 215\/45R20 &#8211; 225\/50R20 &#8211; 225\/45R20 &#8211; 225\/40R20 &#8211; 225\/35R20 &#8211; 225\/30R20 &#8211; 235\/60R20 &#8211; 235\/55R20 &#8211; 235\/50R20 &#8211; 235\/45R20 &#8211; 235\/40R20 &#8211; 235\/35R20 &#8211; 235\/30R20 &#8211; 245\/60R20 &#8211; 245\/50R20 &#8211; 245\/45R20 &#8211; 245\/40R20 &#8211; 245\/35R20 &#8211; 245\/30R20 &#8211; 255\/60R20 &#8211; 255\/55R20 &#8211; 255\/50R20 &#8211; 255\/45R20 &#8211; 255\/40R20 &#8211; 255\/35R20 &#8211; 255\/30R20 &#8211; 265\/60R20 &#8211; 265\/55R20 &#8211; 265\/50R20 &#8211; 265\/45R20 &#8211; 265\/40R20 &#8211; 265\/35R20 &#8211; 265\/30R20 &#8211; 265\/25R20 &#8211; 275\/65R20 &#8211; 275\/60R20 &#8211; 275\/55R20 &#8211; 275\/50R20 &#8211; 275\/45R20 &#8211; 275\/40R20 &#8211; 275\/35R20 &#8211; 275\/30R20 &#8211; 275\/25R20 &#8211; 285\/60R20 &#8211; 285\/55R20 &#8211; 285\/50R20 &#8211; 285\/45R20 &#8211; 285\/40R20 &#8211; 285\/35R20 &#8211; 285\/30R20 &#8211; 285\/25R20 &#8211; 295\/50R20 &#8211; 295\/45R20 &#8211; 295\/40R20 &#8211; 305\/55R20 &#8211; 305\/45R20 &#8211; 305\/35R20 &#8211; 305\/30R20 &#8211; 315\/40R20<br \/>\nR21<br \/>\n225\/45R21 &#8211; 235\/50R21 &#8211; 235\/45R21 &#8211; 245\/45R21 &#8211; 245\/40R21 &#8211; 245\/35R21 &#8211; 245\/30R21 &#8211; 255\/50R21 &#8211; 255\/45R21 &#8211; 255\/40R21 &#8211; 255\/35R21 &#8211; 255\/30R21 &#8211; 265\/50R21 &#8211; 265\/45R21 &#8211; 265\/40R21 &#8211; 265\/35R21 &#8211; 265\/30R21 &#8211; 275\/55R21 &#8211; 275\/50R21 &#8211; 275\/45R21 &#8211; 275\/40R21 &#8211; 275\/35R21 &#8211; 275\/30R21 &#8211; 275\/25R21 &#8211; 285\/45R21 &#8211; 285\/40R21 &#8211; 285\/35R21 &#8211; 285\/30R21 &#8211; 295\/40R21 &#8211; 295\/35R21<\/p>\n<p>R22<br \/>\n255\/45R22 &#8211; 255\/40R22 &#8211; 255\/35R22 &#8211; 255\/30R22 &#8211; 265\/50R22 &#8211; 265\/40R22 &#8211; 265\/35R22 &#8211; 265\/30R22 &#8211; 275\/50R22 &#8211; 275\/45R22 &#8211; 275\/40R22 &#8211; 275\/35R22 &#8211; 275\/30R22 &#8211; 285\/45R22 &#8211; 285\/40R22 &#8211; 285\/35R22 &#8211; 285\/30R22 &#8211; 285\/25R22 &#8211; 295\/40R22 &#8211; 295\/35R22 &#8211; 295\/30R22 &#8211; 305\/45R22 &#8211; 305\/40R22 &#8211; 305\/35R22 &#8211; 305\/30R22 &#8211; 325\/55R22 &#8211; 325\/50R22<\/p>\n<p>R23<br \/>\n255\/40R23 &#8211; 275\/35R23 &#8211; 285\/40R23 &#8211; 285\/35R23 &#8211; 295\/35R23<\/p>\n<p>R24<br \/>\n285\/35R24 &#8211; 295\/35R24 &#8211; 295\/30R24 &#8211; 305\/35R24<\/p>\n<p>R26<br \/>\n235\/70R26<\/p>\n<p>Grandeur pour truck et pick up avec la mention LT<br \/>\nLT215\/75R15<br \/>\nLT235\/75R15<br \/>\nLT235\/70R15<br \/>\nLT245\/75R16<br \/>\nLT265\/75R16<br \/>\nLT285\/75R16<br \/>\nLT245\/70R17<br \/>\nLT265\/70R17<br \/>\nLT265\/70R17<br \/>\nLT235\/80R17<br \/>\nLT245\/75R17<br \/>\nLT285\/70R17<br \/>\nLT265\/65R18<br \/>\nLT265\/70R18<br \/>\nLT275\/70R18<br \/>\nLT275\/65R18<br \/>\nLT305\/65R18<br \/>\nLT305\/55R20<br \/>\nLT275\/55R20<br \/>\nLT265\/60R20<br \/>\nLT275\/60R20<br \/>\nLT275\/65R20<br \/>\nLT325\/60R20<\/p>\n<p>Vous pouvez \u00e9galement voir d&rsquo;autres marques que nous vendons ci-dessous ou contactez l&rsquo;un de nos experts pour vous conseiller vos prochains pneus au meilleur prix ( Rejoingnez Mr Mag au 819-879-6366 )\u00a0 :[\/vc_column_text][vc_btn title=\u00a0\u00bbDemandez une estimation d\u00e8s maintenant en cliquant ici ou contactez-nous directement au 819-879-6366&Prime; style=\u00a0\u00bbclassic\u00a0\u00bb color=\u00a0\u00bbwarning\u00a0\u00bb align=\u00a0\u00bbcenter\u00a0\u00bb el_class=\u00a0\u00bbbouton\u00a0\u00bb css=\u00a0\u00bb.vc_custom_1702478906563{padding-right: 40px !important;padding-bottom: 80px !important;padding-left: 40px !important;}\u00a0\u00bb link=\u00a0\u00bburl:http%3A%2F%2Fmrmags.ca%2Fmagsmeilleurprix%2Ffr%2Fdemandez-une-estimation-des-maintenant%2F|||\u00a0\u00bb][\/vc_column][\/vc_row][vc_row css=\u00a0\u00bb.vc_custom_1493560119690{padding-bottom: 100px !important;}\u00a0\u00bb][vc_column width=\u00a0\u00bb1\/6&Prime;][vc_single_image image=\u00a0\u00bb3712&Prime; add_caption=\u00a0\u00bbyes\u00a0\u00bb alignment=\u00a0\u00bbcenter\u00a0\u00bb style=\u00a0\u00bbvc_box_rounded\u00a0\u00bb onclick=\u00a0\u00bbcustom_link\u00a0\u00bb img_link_target=\u00a0\u00bb_blank\u00a0\u00bb css_animation=\u00a0\u00bbflipInX\u00a0\u00bb link=\u00a0\u00bbhttps:\/\/www.bfgoodrichtires.ca\/\u00a0\u00bb css=\u00a0\u00bb.vc_custom_1493315977540{padding-bottom: 20px !important;}\u00a0\u00bb][vc_single_image image=\u00a0\u00bb3718&Prime; add_caption=\u00a0\u00bbyes\u00a0\u00bb alignment=\u00a0\u00bbcenter\u00a0\u00bb style=\u00a0\u00bbvc_box_rounded\u00a0\u00bb onclick=\u00a0\u00bbcustom_link\u00a0\u00bb img_link_target=\u00a0\u00bb_blank\u00a0\u00bb css_animation=\u00a0\u00bbflipInX\u00a0\u00bb link=\u00a0\u00bbhttps:\/\/www.toyotires.com\/\u00a0\u00bb css=\u00a0\u00bb.vc_custom_1493316625063{padding-bottom: 20px !important;}\u00a0\u00bb][vc_single_image image=\u00a0\u00bb3723&Prime; add_caption=\u00a0\u00bbyes\u00a0\u00bb alignment=\u00a0\u00bbcenter\u00a0\u00bb style=\u00a0\u00bbvc_box_rounded\u00a0\u00bb onclick=\u00a0\u00bbcustom_link\u00a0\u00bb img_link_target=\u00a0\u00bb_blank\u00a0\u00bb css_animation=\u00a0\u00bbflipInX\u00a0\u00bb link=\u00a0\u00bbhttp:\/\/www.falkentire.com\/\u00a0\u00bb css=\u00a0\u00bb.vc_custom_1493317373135{padding-bottom: 20px !important;}\u00a0\u00bb][vc_single_image image=\u00a0\u00bb3729&Prime; add_caption=\u00a0\u00bbyes\u00a0\u00bb alignment=\u00a0\u00bbcenter\u00a0\u00bb style=\u00a0\u00bbvc_box_rounded\u00a0\u00bb onclick=\u00a0\u00bbcustom_link\u00a0\u00bb img_link_target=\u00a0\u00bb_blank\u00a0\u00bb css_animation=\u00a0\u00bbflipInX\u00a0\u00bb link=\u00a0\u00bbhttp:\/\/www.intercotire.com\/\u00a0\u00bb css=\u00a0\u00bb.vc_custom_1493317952595{padding-bottom: 20px !important;}\u00a0\u00bb][\/vc_column][vc_column width=\u00a0\u00bb1\/6&Prime;][vc_single_image image=\u00a0\u00bb3713&Prime; add_caption=\u00a0\u00bbyes\u00a0\u00bb alignment=\u00a0\u00bbcenter\u00a0\u00bb style=\u00a0\u00bbvc_box_rounded\u00a0\u00bb onclick=\u00a0\u00bbcustom_link\u00a0\u00bb img_link_target=\u00a0\u00bb_blank\u00a0\u00bb css_animation=\u00a0\u00bbflipInX\u00a0\u00bb link=\u00a0\u00bbhttp:\/\/www.bridgestonetire.ca\/fr\u00a0\u00bb css=\u00a0\u00bb.vc_custom_1493316120294{padding-bottom: 20px !important;}\u00a0\u00bb][vc_single_image image=\u00a0\u00bb3719&Prime; add_caption=\u00a0\u00bbyes\u00a0\u00bb alignment=\u00a0\u00bbcenter\u00a0\u00bb style=\u00a0\u00bbvc_box_rounded\u00a0\u00bb onclick=\u00a0\u00bbcustom_link\u00a0\u00bb img_link_target=\u00a0\u00bb_blank\u00a0\u00bb css_animation=\u00a0\u00bbflipInX\u00a0\u00bb link=\u00a0\u00bbhttp:\/\/www.hankooktire.com\/ca-fr\u00a0\u00bb css=\u00a0\u00bb.vc_custom_1493316744663{padding-bottom: 20px !important;}\u00a0\u00bb][vc_single_image image=\u00a0\u00bb3724&Prime; add_caption=\u00a0\u00bbyes\u00a0\u00bb alignment=\u00a0\u00bbcenter\u00a0\u00bb style=\u00a0\u00bbvc_box_rounded\u00a0\u00bb onclick=\u00a0\u00bbcustom_link\u00a0\u00bb img_link_target=\u00a0\u00bb_blank\u00a0\u00bb css_animation=\u00a0\u00bbflipInX\u00a0\u00bb link=\u00a0\u00bbhttp:\/\/ca.coopertire.com\/\u00a0\u00bb css=\u00a0\u00bb.vc_custom_1493317510269{padding-bottom: 20px !important;}\u00a0\u00bb][vc_single_image image=\u00a0\u00bb3730&Prime; add_caption=\u00a0\u00bbyes\u00a0\u00bb alignment=\u00a0\u00bbcenter\u00a0\u00bb style=\u00a0\u00bbvc_box_rounded\u00a0\u00bb onclick=\u00a0\u00bbcustom_link\u00a0\u00bb img_link_target=\u00a0\u00bb_blank\u00a0\u00bb css_animation=\u00a0\u00bbflipInX\u00a0\u00bb link=\u00a0\u00bbhttp:\/\/www.sailuntires.ca\/\u00a0\u00bb css=\u00a0\u00bb.vc_custom_1493318040775{padding-bottom: 20px !important;}\u00a0\u00bb][\/vc_column][vc_column width=\u00a0\u00bb1\/6&Prime;][vc_single_image image=\u00a0\u00bb3714&Prime; add_caption=\u00a0\u00bbyes\u00a0\u00bb alignment=\u00a0\u00bbcenter\u00a0\u00bb style=\u00a0\u00bbvc_box_rounded\u00a0\u00bb onclick=\u00a0\u00bbcustom_link\u00a0\u00bb img_link_target=\u00a0\u00bb_blank\u00a0\u00bb css_animation=\u00a0\u00bbflipInX\u00a0\u00bb link=\u00a0\u00bbhttp:\/\/www.nankang-tyre.com\/\u00a0\u00bb css=\u00a0\u00bb.vc_custom_1493316228476{padding-bottom: 20px !important;}\u00a0\u00bb][vc_single_image image=\u00a0\u00bb3720&Prime; add_caption=\u00a0\u00bbyes\u00a0\u00bb alignment=\u00a0\u00bbcenter\u00a0\u00bb style=\u00a0\u00bbvc_box_rounded\u00a0\u00bb onclick=\u00a0\u00bbcustom_link\u00a0\u00bb img_link_target=\u00a0\u00bb_blank\u00a0\u00bb css_animation=\u00a0\u00bbflipInX\u00a0\u00bb link=\u00a0\u00bbhttp:\/\/www.nittotire.com\/\u00a0\u00bb css=\u00a0\u00bb.vc_custom_1493316862303{padding-bottom: 20px !important;}\u00a0\u00bb][vc_single_image image=\u00a0\u00bb3725&Prime; add_caption=\u00a0\u00bbyes\u00a0\u00bb alignment=\u00a0\u00bbcenter\u00a0\u00bb style=\u00a0\u00bbvc_box_rounded\u00a0\u00bb onclick=\u00a0\u00bbcustom_link\u00a0\u00bb img_link_target=\u00a0\u00bb_blank\u00a0\u00bb css_animation=\u00a0\u00bbflipInX\u00a0\u00bb link=\u00a0\u00bbhttp:\/\/generaltire.com\/\u00a0\u00bb css=\u00a0\u00bb.vc_custom_1493317626787{padding-bottom: 20px !important;}\u00a0\u00bb][vc_single_image image=\u00a0\u00bb3731&Prime; add_caption=\u00a0\u00bbyes\u00a0\u00bb alignment=\u00a0\u00bbcenter\u00a0\u00bb style=\u00a0\u00bbvc_box_rounded\u00a0\u00bb onclick=\u00a0\u00bbcustom_link\u00a0\u00bb img_link_target=\u00a0\u00bb_blank\u00a0\u00bb css_animation=\u00a0\u00bbflipInX\u00a0\u00bb link=\u00a0\u00bbhttp:\/\/minervatires.com\/fr\/\u00a0\u00bb css=\u00a0\u00bb.vc_custom_1493318152739{padding-bottom: 20px !important;}\u00a0\u00bb][\/vc_column][vc_column width=\u00a0\u00bb1\/6&Prime;][vc_single_image image=\u00a0\u00bb3715&Prime; add_caption=\u00a0\u00bbyes\u00a0\u00bb alignment=\u00a0\u00bbcenter\u00a0\u00bb style=\u00a0\u00bbvc_box_rounded\u00a0\u00bb onclick=\u00a0\u00bbcustom_link\u00a0\u00bb img_link_target=\u00a0\u00bb_blank\u00a0\u00bb css_animation=\u00a0\u00bbflipInX\u00a0\u00bb link=\u00a0\u00bbhttp:\/\/www.goodyear.ca\/en-CA\/tires-home\u00a0\u00bb css=\u00a0\u00bb.vc_custom_1493316328838{padding-bottom: 20px !important;}\u00a0\u00bb][vc_single_image image=\u00a0\u00bb3721&Prime; add_caption=\u00a0\u00bbyes\u00a0\u00bb alignment=\u00a0\u00bbcenter\u00a0\u00bb style=\u00a0\u00bbvc_box_rounded\u00a0\u00bb onclick=\u00a0\u00bbcustom_link\u00a0\u00bb img_link_target=\u00a0\u00bb_blank\u00a0\u00bb css_animation=\u00a0\u00bbflipInX\u00a0\u00bb link=\u00a0\u00bbhttp:\/\/www.dunloptires.com\/en-US\/tires-home\u00a0\u00bb css=\u00a0\u00bb.vc_custom_1493317010921{padding-bottom: 20px !important;}\u00a0\u00bb][vc_single_image image=\u00a0\u00bb3687&Prime; add_caption=\u00a0\u00bbyes\u00a0\u00bb alignment=\u00a0\u00bbcenter\u00a0\u00bb style=\u00a0\u00bbvc_box_rounded\u00a0\u00bb onclick=\u00a0\u00bbcustom_link\u00a0\u00bb img_link_target=\u00a0\u00bb_blank\u00a0\u00bb css_animation=\u00a0\u00bbflipInX\u00a0\u00bb link=\u00a0\u00bbhttp:\/\/www.mickeythompsontires.com\/\u00a0\u00bb css=\u00a0\u00bb.vc_custom_1493317657080{padding-bottom: 20px !important;}\u00a0\u00bb][vc_single_image image=\u00a0\u00bb3732&Prime; add_caption=\u00a0\u00bbyes\u00a0\u00bb alignment=\u00a0\u00bbcenter\u00a0\u00bb style=\u00a0\u00bbvc_box_rounded\u00a0\u00bb onclick=\u00a0\u00bbcustom_link\u00a0\u00bb img_link_target=\u00a0\u00bb_blank\u00a0\u00bb css_animation=\u00a0\u00bbflipInX\u00a0\u00bb link=\u00a0\u00bbhttps:\/\/fr.nokiantires.com\/\u00a0\u00bb css=\u00a0\u00bb.vc_custom_1493318257860{padding-bottom: 20px !important;}\u00a0\u00bb][\/vc_column][vc_column width=\u00a0\u00bb1\/6&Prime;][vc_single_image image=\u00a0\u00bb3716&Prime; add_caption=\u00a0\u00bbyes\u00a0\u00bb alignment=\u00a0\u00bbcenter\u00a0\u00bb style=\u00a0\u00bbvc_box_rounded\u00a0\u00bb onclick=\u00a0\u00bbcustom_link\u00a0\u00bb img_link_target=\u00a0\u00bb_blank\u00a0\u00bb css_animation=\u00a0\u00bbflipInX\u00a0\u00bb link=\u00a0\u00bbhttp:\/\/www.fr.michelin.ca\/CA\/fr\/homepage.html\u00a0\u00bb css=\u00a0\u00bb.vc_custom_1493316422078{padding-bottom: 20px !important;}\u00a0\u00bb][vc_single_image image=\u00a0\u00bb3694&Prime; add_caption=\u00a0\u00bbyes\u00a0\u00bb alignment=\u00a0\u00bbcenter\u00a0\u00bb style=\u00a0\u00bbvc_box_rounded\u00a0\u00bb onclick=\u00a0\u00bbcustom_link\u00a0\u00bb img_link_target=\u00a0\u00bb_blank\u00a0\u00bb css_animation=\u00a0\u00bbflipInX\u00a0\u00bb link=\u00a0\u00bbhttp:\/\/www.procompusa.com\/tires\u00a0\u00bb css=\u00a0\u00bb.vc_custom_1493317177921{padding-bottom: 20px !important;}\u00a0\u00bb][vc_single_image image=\u00a0\u00bb3726&Prime; add_caption=\u00a0\u00bbyes\u00a0\u00bb alignment=\u00a0\u00bbcenter\u00a0\u00bb style=\u00a0\u00bbvc_box_rounded\u00a0\u00bb onclick=\u00a0\u00bbcustom_link\u00a0\u00bb img_link_target=\u00a0\u00bb_blank\u00a0\u00bb css_animation=\u00a0\u00bbflipInX\u00a0\u00bb link=\u00a0\u00bbhttps:\/\/www.pirelli.com\/tires\/en-ca\/car-truck\/homepage\u00a0\u00bb css=\u00a0\u00bb.vc_custom_1493317741832{padding-bottom: 20px !important;}\u00a0\u00bb][\/vc_column][vc_column width=\u00a0\u00bb1\/6&Prime;][vc_single_image image=\u00a0\u00bb3717&Prime; add_caption=\u00a0\u00bbyes\u00a0\u00bb alignment=\u00a0\u00bbcenter\u00a0\u00bb style=\u00a0\u00bbvc_box_rounded\u00a0\u00bb onclick=\u00a0\u00bbcustom_link\u00a0\u00bb img_link_target=\u00a0\u00bb_blank\u00a0\u00bb css_animation=\u00a0\u00bbflipInX\u00a0\u00bb link=\u00a0\u00bbhttps:\/\/www.yokohamatire.com\/\u00a0\u00bb css=\u00a0\u00bb.vc_custom_1493316527246{padding-bottom: 20px !important;}\u00a0\u00bb][vc_single_image image=\u00a0\u00bb3688&Prime; add_caption=\u00a0\u00bbyes\u00a0\u00bb alignment=\u00a0\u00bbcenter\u00a0\u00bb style=\u00a0\u00bbvc_box_rounded\u00a0\u00bb onclick=\u00a0\u00bbcustom_link\u00a0\u00bb img_link_target=\u00a0\u00bb_blank\u00a0\u00bb css_animation=\u00a0\u00bbflipInX\u00a0\u00bb link=\u00a0\u00bbhttp:\/\/www.dickcepek.com\/\u00a0\u00bb css=\u00a0\u00bb.vc_custom_1493317219975{padding-bottom: 20px !important;}\u00a0\u00bb][vc_single_image image=\u00a0\u00bb3727&Prime; add_caption=\u00a0\u00bbyes\u00a0\u00bb alignment=\u00a0\u00bbcenter\u00a0\u00bb style=\u00a0\u00bbvc_box_rounded\u00a0\u00bb onclick=\u00a0\u00bbcustom_link\u00a0\u00bb img_link_target=\u00a0\u00bb_blank\u00a0\u00bb css_animation=\u00a0\u00bbflipInX\u00a0\u00bb link=\u00a0\u00bbhttp:\/\/www.maxxis.com\/\u00a0\u00bb css=\u00a0\u00bb.vc_custom_1493317833247{padding-bottom: 20px !important;}\u00a0\u00bb][\/vc_column][\/vc_row]<\/p>\n<\/div>","protected":false},"excerpt":{"rendered":"<p>[vc_row][vc_column][vc_column_text css=\u00a0\u00bb.vc_custom_1702478857307{padding-bottom: 20px !important;}\u00a0\u00bb] Neufs ou usag\u00e9s, les meilleurs prix! Nous vous offrons ici des pneus neufs de la c\u00e9l\u00e8bre marque Nokian con\u00e7us pour l&rsquo;hiver. Le mod\u00e8le Hakkapeliitta de la marque Nokian est l&rsquo;un des pneus les plus fiables sur le march\u00e9 mondial. Il b\u00e9n\u00e9ficie \u00e9galement de la meilleure garantie contre les risques routiers jusqu&rsquo;\u00e0 [&hellip;]<\/p>\n","protected":false},"author":1,"featured_media":0,"parent":0,"menu_order":0,"comment_status":"closed","ping_status":"closed","template":"","meta":{"om_disable_all_campaigns":false,"_exactmetrics_skip_tracking":false,"_exactmetrics_sitenote_active":false,"_exactmetrics_sitenote_note":"","_exactmetrics_sitenote_category":0,"_monsterinsights_skip_tracking":false,"_monsterinsights_sitenote_active":false,"_monsterinsights_sitenote_note":"","_monsterinsights_sitenote_category":0,"footnotes":""},"class_list":["post-8527","page","type-page","status-publish","hentry"],"aioseo_notices":[],"_links":{"self":[{"href":"https:\/\/mrmags.ca\/magsmeilleurprix\/wp-json\/wp\/v2\/pages\/8527"}],"collection":[{"href":"https:\/\/mrmags.ca\/magsmeilleurprix\/wp-json\/wp\/v2\/pages"}],"about":[{"href":"https:\/\/mrmags.ca\/magsmeilleurprix\/wp-json\/wp\/v2\/types\/page"}],"author":[{"embeddable":true,"href":"https:\/\/mrmags.ca\/magsmeilleurprix\/wp-json\/wp\/v2\/users\/1"}],"replies":[{"embeddable":true,"href":"https:\/\/mrmags.ca\/magsmeilleurprix\/wp-json\/wp\/v2\/comments?post=8527"}],"version-history":[{"count":2,"href":"https:\/\/mrmags.ca\/magsmeilleurprix\/wp-json\/wp\/v2\/pages\/8527\/revisions"}],"predecessor-version":[{"id":8569,"href":"https:\/\/mrmags.ca\/magsmeilleurprix\/wp-json\/wp\/v2\/pages\/8527\/revisions\/8569"}],"wp:attachment":[{"href":"https:\/\/mrmags.ca\/magsmeilleurprix\/wp-json\/wp\/v2\/media?parent=8527"}],"curies":[{"name":"wp","href":"https:\/\/api.w.org\/{rel}","templated":true}]}}