{"id":3818,"date":"2017-04-28T15:58:43","date_gmt":"2017-04-28T15:58:43","guid":{"rendered":"http:\/\/mrmags.ca\/magsmeilleurprix\/?page_id=3818"},"modified":"2017-04-30T14:58:25","modified_gmt":"2017-04-30T14:58:25","slug":"realisations","status":"publish","type":"page","link":"https:\/\/mrmags.ca\/magsmeilleurprix\/realisations\/","title":{"rendered":"R\u00e9alisations"},"content":{"rendered":"<div class=\"wpb-content-wrapper\"><p>[vc_row][vc_column][vc_column_text]<\/p>\n<h1>Mr Mags est un leader dans son domaine et suscite la confiance de tous ses clients.<\/h1>\n<p>Les nombreux prix remport\u00e9s par les membres de l&rsquo;\u00e9quipe d\u00e9montrent l&rsquo;expertise d\u00e9velopp\u00e9e au fil des ans.[\/vc_column_text][\/vc_column][\/vc_row][vc_row css=\u00a0\u00bb.vc_custom_1493564302358{padding-bottom: 100px !important;}\u00a0\u00bb][vc_column][vc_masonry_media_grid grid_id=\u00a0\u00bbvc_gid:1493564292786-55a64bee-850d-9&Prime; include=\u00a0\u00bb3819,3820,3821,3822,3823,3824,3825,3826,3827,3828,3829,3830,3831,3832,3833,3834&Prime;][\/vc_column][\/vc_row]<\/p>\n<\/div>","protected":false},"excerpt":{"rendered":"<p>[vc_row][vc_column][vc_column_text] Mr Mags est un leader dans son domaine et suscite la confiance de tous ses clients. Les nombreux prix remport\u00e9s par les membres de l&rsquo;\u00e9quipe d\u00e9montrent l&rsquo;expertise d\u00e9velopp\u00e9e au fil des ans.[\/vc_column_text][\/vc_column][\/vc_row][vc_row css=\u00a0\u00bb.vc_custom_1493564302358{padding-bottom: 100px !important;}\u00a0\u00bb][vc_column][vc_masonry_media_grid grid_id=\u00a0\u00bbvc_gid:1493564292786-55a64bee-850d-9&Prime; include=\u00a0\u00bb3819,3820,3821,3822,3823,3824,3825,3826,3827,3828,3829,3830,3831,3832,3833,3834&Prime;][\/vc_column][\/vc_row]<\/p>\n","protected":false},"author":1,"featured_media":0,"parent":0,"menu_order":0,"comment_status":"closed","ping_status":"closed","template":"","meta":{"om_disable_all_campaigns":false,"_exactmetrics_skip_tracking":false,"_exactmetrics_sitenote_active":false,"_exactmetrics_sitenote_note":"","_exactmetrics_sitenote_category":0,"_monsterinsights_skip_tracking":false,"_monsterinsights_sitenote_active":false,"_monsterinsights_sitenote_note":"","_monsterinsights_sitenote_category":0,"footnotes":""},"class_list":["post-3818","page","type-page","status-publish","hentry"],"aioseo_notices":[],"_links":{"self":[{"href":"https:\/\/mrmags.ca\/magsmeilleurprix\/wp-json\/wp\/v2\/pages\/3818"}],"collection":[{"href":"https:\/\/mrmags.ca\/magsmeilleurprix\/wp-json\/wp\/v2\/pages"}],"about":[{"href":"https:\/\/mrmags.ca\/magsmeilleurprix\/wp-json\/wp\/v2\/types\/page"}],"author":[{"embeddable":true,"href":"https:\/\/mrmags.ca\/magsmeilleurprix\/wp-json\/wp\/v2\/users\/1"}],"replies":[{"embeddable":true,"href":"https:\/\/mrmags.ca\/magsmeilleurprix\/wp-json\/wp\/v2\/comments?post=3818"}],"version-history":[{"count":2,"href":"https:\/\/mrmags.ca\/magsmeilleurprix\/wp-json\/wp\/v2\/pages\/3818\/revisions"}],"predecessor-version":[{"id":3904,"href":"https:\/\/mrmags.ca\/magsmeilleurprix\/wp-json\/wp\/v2\/pages\/3818\/revisions\/3904"}],"wp:attachment":[{"href":"https:\/\/mrmags.ca\/magsmeilleurprix\/wp-json\/wp\/v2\/media?parent=3818"}],"curies":[{"name":"wp","href":"https:\/\/api.w.org\/{rel}","templated":true}]}}