{"id":3794,"date":"2017-04-28T14:45:56","date_gmt":"2017-04-28T14:45:56","guid":{"rendered":"http:\/\/mrmags.ca\/magsmeilleurprix\/?page_id=3794"},"modified":"2017-05-04T17:37:58","modified_gmt":"2017-05-04T17:37:58","slug":"mags-meilleur-prix-vente-et-installation-de-systeme-audio","status":"publish","type":"page","link":"https:\/\/mrmags.ca\/magsmeilleurprix\/mags-meilleur-prix-vente-et-installation-de-systeme-audio\/","title":{"rendered":"Syst\u00e8me audio"},"content":{"rendered":"<div class=\"wpb-content-wrapper\"><p>[vc_row][vc_column][vc_column_text css=\u00a0\u00bb.vc_custom_1493562109981{padding-bottom: 50px !important;}\u00a0\u00bb]<\/p>\n<h1>Vous \u00eates un passionn\u00e9 de musique?<\/h1>\n<p>Votre voiture est un investissement. Prenez-en soin et assurez-vous qu&rsquo;elle soit toujours \u00e0 la hauteur de vos besoins. La qualit\u00e9 audio vous pr\u00e9occupe? Nous avons le produit qu&rsquo;il vous faut et un choix surprenant. Besoin de conseils? Mr Mags et son \u00e9quipe sont l\u00e0 pour vous guider.[\/vc_column_text][vc_btn title=\u00a0\u00bbDemandez une estimation d\u00e8s maintenant\u00a0\u00bb style=\u00a0\u00bbclassic\u00a0\u00bb color=\u00a0\u00bbwarning\u00a0\u00bb align=\u00a0\u00bbcenter\u00a0\u00bb el_class=\u00a0\u00bbbouton\u00a0\u00bb css=\u00a0\u00bb.vc_custom_1493401701914{padding-right: 40px !important;padding-bottom: 80px !important;padding-left: 40px !important;}\u00a0\u00bb link=\u00a0\u00bburl:http%3A%2F%2Fmrmags.ca%2Fmagsmeilleurprix%2Ffr%2Fdemandez-une-estimation-des-maintenant%2F|||\u00a0\u00bb][\/vc_column][\/vc_row][vc_row css=\u00a0\u00bb.vc_custom_1493560399933{padding-bottom: 100px !important;}\u00a0\u00bb][vc_column width=\u00a0\u00bb1\/6&Prime;][vc_single_image image=\u00a0\u00bb3795&Prime; add_caption=\u00a0\u00bbyes\u00a0\u00bb alignment=\u00a0\u00bbcenter\u00a0\u00bb onclick=\u00a0\u00bbcustom_link\u00a0\u00bb img_link_target=\u00a0\u00bb_blank\u00a0\u00bb link=\u00a0\u00bbhttp:\/\/www.bassworx.com\/\u00a0\u00bb css=\u00a0\u00bb.vc_custom_1493389210549{padding-bottom: 20px !important;}\u00a0\u00bb][vc_single_image image=\u00a0\u00bb3801&Prime; add_caption=\u00a0\u00bbyes\u00a0\u00bb alignment=\u00a0\u00bbcenter\u00a0\u00bb onclick=\u00a0\u00bbcustom_link\u00a0\u00bb img_link_target=\u00a0\u00bb_blank\u00a0\u00bb link=\u00a0\u00bbhttp:\/\/www.dynamat.com\/\u00a0\u00bb css=\u00a0\u00bb.vc_custom_1493390000964{padding-bottom: 20px !important;}\u00a0\u00bb][\/vc_column][vc_column width=\u00a0\u00bb1\/6&Prime;][vc_single_image image=\u00a0\u00bb3796&Prime; add_caption=\u00a0\u00bbyes\u00a0\u00bb alignment=\u00a0\u00bbcenter\u00a0\u00bb onclick=\u00a0\u00bbcustom_link\u00a0\u00bb img_link_target=\u00a0\u00bb_blank\u00a0\u00bb link=\u00a0\u00bbhttp:\/\/www.metraonline.com\/\u00a0\u00bb css=\u00a0\u00bb.vc_custom_1493389355860{padding-bottom: 20px !important;}\u00a0\u00bb][vc_single_image image=\u00a0\u00bb3802&Prime; add_caption=\u00a0\u00bbyes\u00a0\u00bb alignment=\u00a0\u00bbcenter\u00a0\u00bb onclick=\u00a0\u00bbcustom_link\u00a0\u00bb img_link_target=\u00a0\u00bb_blank\u00a0\u00bb link=\u00a0\u00bbhttp:\/\/www.americanbassusa.com\/\u00a0\u00bb css=\u00a0\u00bb.vc_custom_1493390162353{padding-bottom: 20px !important;}\u00a0\u00bb][\/vc_column][vc_column width=\u00a0\u00bb1\/6&Prime;][vc_single_image image=\u00a0\u00bb3797&Prime; add_caption=\u00a0\u00bbyes\u00a0\u00bb alignment=\u00a0\u00bbcenter\u00a0\u00bb onclick=\u00a0\u00bbcustom_link\u00a0\u00bb img_link_target=\u00a0\u00bb_blank\u00a0\u00bb link=\u00a0\u00bbhttp:\/\/www.clarion.com\/ca\/fr\/top.html\u00a0\u00bb css=\u00a0\u00bb.vc_custom_1493389453512{padding-bottom: 20px !important;}\u00a0\u00bb][vc_single_image image=\u00a0\u00bb3803&Prime; add_caption=\u00a0\u00bbyes\u00a0\u00bb alignment=\u00a0\u00bbcenter\u00a0\u00bb onclick=\u00a0\u00bbcustom_link\u00a0\u00bb img_link_target=\u00a0\u00bb_blank\u00a0\u00bb link=\u00a0\u00bbhttp:\/\/www.pyramidcaraudio.com\/\u00a0\u00bb css=\u00a0\u00bb.vc_custom_1493390346204{padding-bottom: 20px !important;}\u00a0\u00bb][\/vc_column][vc_column width=\u00a0\u00bb1\/6&Prime;][vc_single_image image=\u00a0\u00bb3798&Prime; add_caption=\u00a0\u00bbyes\u00a0\u00bb alignment=\u00a0\u00bbcenter\u00a0\u00bb onclick=\u00a0\u00bbcustom_link\u00a0\u00bb img_link_target=\u00a0\u00bb_blank\u00a0\u00bb link=\u00a0\u00bbhttp:\/\/www.orioncaraudio.com\/\u00a0\u00bb css=\u00a0\u00bb.vc_custom_1493389612729{padding-bottom: 20px !important;}\u00a0\u00bb][vc_single_image image=\u00a0\u00bb3804&Prime; add_caption=\u00a0\u00bbyes\u00a0\u00bb alignment=\u00a0\u00bbcenter\u00a0\u00bb onclick=\u00a0\u00bbcustom_link\u00a0\u00bb img_link_target=\u00a0\u00bb_blank\u00a0\u00bb link=\u00a0\u00bbhttp:\/\/t3audio.com\/\u00a0\u00bb css=\u00a0\u00bb.vc_custom_1493390757295{padding-bottom: 20px !important;}\u00a0\u00bb][\/vc_column][vc_column width=\u00a0\u00bb1\/6&Prime;][vc_single_image image=\u00a0\u00bb3799&Prime; add_caption=\u00a0\u00bbyes\u00a0\u00bb alignment=\u00a0\u00bbcenter\u00a0\u00bb onclick=\u00a0\u00bbcustom_link\u00a0\u00bb img_link_target=\u00a0\u00bb_blank\u00a0\u00bb link=\u00a0\u00bbhttps:\/\/www.optimabatteries.com\/en-us\u00a0\u00bb css=\u00a0\u00bb.vc_custom_1493389737993{padding-bottom: 20px !important;}\u00a0\u00bb][\/vc_column][vc_column width=\u00a0\u00bb1\/6&Prime;][vc_single_image image=\u00a0\u00bb3800&Prime; add_caption=\u00a0\u00bbyes\u00a0\u00bb alignment=\u00a0\u00bbcenter\u00a0\u00bb onclick=\u00a0\u00bbcustom_link\u00a0\u00bb img_link_target=\u00a0\u00bb_blank\u00a0\u00bb link=\u00a0\u00bbhttp:\/\/www.kenwood.com\/ca\/\u00a0\u00bb css=\u00a0\u00bb.vc_custom_1493389866491{padding-bottom: 20px !important;}\u00a0\u00bb][\/vc_column][\/vc_row]<\/p>\n<\/div>","protected":false},"excerpt":{"rendered":"<p>[vc_row][vc_column][vc_column_text css=\u00a0\u00bb.vc_custom_1493562109981{padding-bottom: 50px !important;}\u00a0\u00bb] Vous \u00eates un passionn\u00e9 de musique? Votre voiture est un investissement. Prenez-en soin et assurez-vous qu&rsquo;elle soit toujours \u00e0 la hauteur de vos besoins. La qualit\u00e9 audio vous pr\u00e9occupe? Nous avons le produit qu&rsquo;il vous faut et un choix surprenant. Besoin de conseils? Mr Mags et son \u00e9quipe sont l\u00e0 pour [&hellip;]<\/p>\n","protected":false},"author":1,"featured_media":0,"parent":0,"menu_order":0,"comment_status":"closed","ping_status":"closed","template":"","meta":{"om_disable_all_campaigns":false,"_exactmetrics_skip_tracking":false,"_exactmetrics_sitenote_active":false,"_exactmetrics_sitenote_note":"","_exactmetrics_sitenote_category":0,"_monsterinsights_skip_tracking":false,"_monsterinsights_sitenote_active":false,"_monsterinsights_sitenote_note":"","_monsterinsights_sitenote_category":0,"footnotes":""},"class_list":["post-3794","page","type-page","status-publish","hentry"],"aioseo_notices":[],"_links":{"self":[{"href":"https:\/\/mrmags.ca\/magsmeilleurprix\/wp-json\/wp\/v2\/pages\/3794"}],"collection":[{"href":"https:\/\/mrmags.ca\/magsmeilleurprix\/wp-json\/wp\/v2\/pages"}],"about":[{"href":"https:\/\/mrmags.ca\/magsmeilleurprix\/wp-json\/wp\/v2\/types\/page"}],"author":[{"embeddable":true,"href":"https:\/\/mrmags.ca\/magsmeilleurprix\/wp-json\/wp\/v2\/users\/1"}],"replies":[{"embeddable":true,"href":"https:\/\/mrmags.ca\/magsmeilleurprix\/wp-json\/wp\/v2\/comments?post=3794"}],"version-history":[{"count":6,"href":"https:\/\/mrmags.ca\/magsmeilleurprix\/wp-json\/wp\/v2\/pages\/3794\/revisions"}],"predecessor-version":[{"id":3890,"href":"https:\/\/mrmags.ca\/magsmeilleurprix\/wp-json\/wp\/v2\/pages\/3794\/revisions\/3890"}],"wp:attachment":[{"href":"https:\/\/mrmags.ca\/magsmeilleurprix\/wp-json\/wp\/v2\/media?parent=3794"}],"curies":[{"name":"wp","href":"https:\/\/api.w.org\/{rel}","templated":true}]}}