{"id":3734,"date":"2017-04-27T18:55:22","date_gmt":"2017-04-27T18:55:22","guid":{"rendered":"http:\/\/mrmags.ca\/magsmeilleurprix\/?page_id=3734"},"modified":"2017-05-04T17:32:23","modified_gmt":"2017-05-04T17:32:23","slug":"pieces-auto-accessoires-camion-pieces-et-accessoires-pour-auto-et-camion","status":"publish","type":"page","link":"https:\/\/mrmags.ca\/magsmeilleurprix\/pieces-auto-accessoires-camion-pieces-et-accessoires-pour-auto-et-camion\/","title":{"rendered":"Pi\u00e8ces et accessoires pour autos et camions"},"content":{"rendered":"<div class=\"wpb-content-wrapper\"><p>[vc_row][vc_column][vc_column_text css=\u00a0\u00bb.vc_custom_1493562237230{padding-bottom: 40px !important;}\u00a0\u00bb]<\/p>\n<h1>Pour l&rsquo;int\u00e9rieur ou l&rsquo;ext\u00e9rieur de votre auto ou camion<\/h1>\n<p>Optimisez votre auto avec des accessoires neufs ou usag\u00e9s. Mr Mags vous proposera des produits adapt\u00e9s \u00e0 vos besoins et \u00e0 votre budget. Pourquoi payer plus? Voyez tout le choix qui vous est offert![\/vc_column_text][vc_btn title=\u00a0\u00bbDemandez une estimation d\u00e8s maintenant\u00a0\u00bb style=\u00a0\u00bbclassic\u00a0\u00bb color=\u00a0\u00bbwarning\u00a0\u00bb align=\u00a0\u00bbcenter\u00a0\u00bb el_class=\u00a0\u00bbbouton\u00a0\u00bb css=\u00a0\u00bb.vc_custom_1493401701914{padding-right: 40px !important;padding-bottom: 80px !important;padding-left: 40px !important;}\u00a0\u00bb link=\u00a0\u00bburl:http%3A%2F%2Fmrmags.ca%2Fmagsmeilleurprix%2Ffr%2Fdemandez-une-estimation-des-maintenant%2F|||\u00a0\u00bb][\/vc_column][\/vc_row][vc_row css=\u00a0\u00bb.vc_custom_1493559849424{padding-bottom: 100px !important;}\u00a0\u00bb][vc_column width=\u00a0\u00bb1\/6&Prime;][vc_single_image image=\u00a0\u00bb3735&Prime; add_caption=\u00a0\u00bbyes\u00a0\u00bb alignment=\u00a0\u00bbcenter\u00a0\u00bb onclick=\u00a0\u00bbcustom_link\u00a0\u00bb img_link_target=\u00a0\u00bb_blank\u00a0\u00bb link=\u00a0\u00bbhttp:\/\/www.piaa.com\/\u00a0\u00bb css=\u00a0\u00bb.vc_custom_1493318826645{padding-bottom: 20px !important;}\u00a0\u00bb][vc_single_image image=\u00a0\u00bb3742&Prime; add_caption=\u00a0\u00bbyes\u00a0\u00bb alignment=\u00a0\u00bbcenter\u00a0\u00bb onclick=\u00a0\u00bbcustom_link\u00a0\u00bb img_link_target=\u00a0\u00bb_blank\u00a0\u00bb link=\u00a0\u00bbhttp:\/\/www.keystonerestyling.com\/\u00a0\u00bb css=\u00a0\u00bb.vc_custom_1493319444899{padding-bottom: 20px !important;}\u00a0\u00bb][vc_single_image image=\u00a0\u00bb3749&Prime; add_caption=\u00a0\u00bbyes\u00a0\u00bb alignment=\u00a0\u00bbcenter\u00a0\u00bb onclick=\u00a0\u00bbcustom_link\u00a0\u00bb img_link_target=\u00a0\u00bb_blank\u00a0\u00bb link=\u00a0\u00bbhttp:\/\/www.pace-edwards.com\/\u00a0\u00bb css=\u00a0\u00bb.vc_custom_1493320113991{padding-bottom: 20px !important;}\u00a0\u00bb][vc_single_image image=\u00a0\u00bb3755&Prime; add_caption=\u00a0\u00bbyes\u00a0\u00bb alignment=\u00a0\u00bbcenter\u00a0\u00bb onclick=\u00a0\u00bbcustom_link\u00a0\u00bb img_link_target=\u00a0\u00bb_blank\u00a0\u00bb link=\u00a0\u00bbhttps:\/\/bakindustries.com\/\u00a0\u00bb css=\u00a0\u00bb.vc_custom_1493320722432{padding-bottom: 20px !important;}\u00a0\u00bb][\/vc_column][vc_column width=\u00a0\u00bb1\/6&Prime;][vc_single_image image=\u00a0\u00bb3736&Prime; add_caption=\u00a0\u00bbyes\u00a0\u00bb alignment=\u00a0\u00bbcenter\u00a0\u00bb onclick=\u00a0\u00bbcustom_link\u00a0\u00bb img_link_target=\u00a0\u00bb_blank\u00a0\u00bb link=\u00a0\u00bbhttp:\/\/www.streetglow.com\/site\/Home.html\u00a0\u00bb css=\u00a0\u00bb.vc_custom_1493318913722{padding-bottom: 20px !important;}\u00a0\u00bb][vc_single_image image=\u00a0\u00bb3744&Prime; add_caption=\u00a0\u00bbyes\u00a0\u00bb alignment=\u00a0\u00bbcenter\u00a0\u00bb onclick=\u00a0\u00bbcustom_link\u00a0\u00bb img_link_target=\u00a0\u00bb_blank\u00a0\u00bb link=\u00a0\u00bbhttp:\/\/www.tfpusa.com\/\u00a0\u00bb css=\u00a0\u00bb.vc_custom_1493319562779{padding-bottom: 20px !important;}\u00a0\u00bb][vc_single_image image=\u00a0\u00bb3750&Prime; add_caption=\u00a0\u00bbyes\u00a0\u00bb alignment=\u00a0\u00bbcenter\u00a0\u00bb onclick=\u00a0\u00bbcustom_link\u00a0\u00bb img_link_target=\u00a0\u00bb_blank\u00a0\u00bb link=\u00a0\u00bbhttp:\/\/www.truxedo.com\/\u00a0\u00bb css=\u00a0\u00bb.vc_custom_1493320272969{padding-bottom: 20px !important;}\u00a0\u00bb][vc_single_image image=\u00a0\u00bb3758&Prime; add_caption=\u00a0\u00bbyes\u00a0\u00bb alignment=\u00a0\u00bbcenter\u00a0\u00bb onclick=\u00a0\u00bbcustom_link\u00a0\u00bb img_link_target=\u00a0\u00bb_blank\u00a0\u00bb link=\u00a0\u00bbhttp:\/\/www.monroe.com\/fr-US\/\u00a0\u00bb css=\u00a0\u00bb.vc_custom_1493320919501{padding-bottom: 20px !important;}\u00a0\u00bb][\/vc_column][vc_column width=\u00a0\u00bb1\/6&Prime;][vc_single_image image=\u00a0\u00bb3862&Prime; add_caption=\u00a0\u00bbyes\u00a0\u00bb alignment=\u00a0\u00bbcenter\u00a0\u00bb onclick=\u00a0\u00bbcustom_link\u00a0\u00bb img_link_target=\u00a0\u00bb_blank\u00a0\u00bb link=\u00a0\u00bbhttp:\/\/www.hella.com\/hella-com\/index.html\u00a0\u00bb css=\u00a0\u00bb.vc_custom_1493472270914{padding-bottom: 20px !important;}\u00a0\u00bb][vc_single_image image=\u00a0\u00bb3745&Prime; add_caption=\u00a0\u00bbyes\u00a0\u00bb alignment=\u00a0\u00bbcenter\u00a0\u00bb onclick=\u00a0\u00bbcustom_link\u00a0\u00bb img_link_target=\u00a0\u00bb_blank\u00a0\u00bb link=\u00a0\u00bbhttp:\/\/www.putco.com\/\u00a0\u00bb css=\u00a0\u00bb.vc_custom_1493319643421{padding-bottom: 20px !important;}\u00a0\u00bb][vc_single_image image=\u00a0\u00bb3751&Prime; add_caption=\u00a0\u00bbyes\u00a0\u00bb alignment=\u00a0\u00bbcenter\u00a0\u00bb onclick=\u00a0\u00bbcustom_link\u00a0\u00bb img_link_target=\u00a0\u00bb_blank\u00a0\u00bb link=\u00a0\u00bbhttp:\/\/24karats.ca\/\u00a0\u00bb css=\u00a0\u00bb.vc_custom_1493320349470{padding-bottom: 20px !important;}\u00a0\u00bb][vc_single_image image=\u00a0\u00bb3759&Prime; add_caption=\u00a0\u00bbyes\u00a0\u00bb alignment=\u00a0\u00bbcenter\u00a0\u00bb onclick=\u00a0\u00bbcustom_link\u00a0\u00bb img_link_target=\u00a0\u00bb_blank\u00a0\u00bb link=\u00a0\u00bbhttp:\/\/www.retrax.com\/\u00a0\u00bb css=\u00a0\u00bb.vc_custom_1493320991247{padding-bottom: 20px !important;}\u00a0\u00bb][\/vc_column][vc_column width=\u00a0\u00bb1\/6&Prime;][vc_single_image image=\u00a0\u00bb3738&Prime; add_caption=\u00a0\u00bbyes\u00a0\u00bb alignment=\u00a0\u00bbcenter\u00a0\u00bb onclick=\u00a0\u00bbcustom_link\u00a0\u00bb img_link_target=\u00a0\u00bb_blank\u00a0\u00bb link=\u00a0\u00bbhttp:\/\/www.pilotautomotive.com\/index.html\u00a0\u00bb css=\u00a0\u00bb.vc_custom_1493319128918{padding-bottom: 20px !important;}\u00a0\u00bb][vc_single_image image=\u00a0\u00bb3863&Prime; add_caption=\u00a0\u00bbyes\u00a0\u00bb alignment=\u00a0\u00bbcenter\u00a0\u00bb onclick=\u00a0\u00bbcustom_link\u00a0\u00bb img_link_target=\u00a0\u00bb_blank\u00a0\u00bb link=\u00a0\u00bbhttp:\/\/www.inprocarwear.com\/\u00a0\u00bb css=\u00a0\u00bb.vc_custom_1493472337947{padding-bottom: 20px !important;}\u00a0\u00bb][vc_single_image image=\u00a0\u00bb3752&Prime; add_caption=\u00a0\u00bbyes\u00a0\u00bb alignment=\u00a0\u00bbcenter\u00a0\u00bb onclick=\u00a0\u00bbcustom_link\u00a0\u00bb img_link_target=\u00a0\u00bb_blank\u00a0\u00bb link=\u00a0\u00bbhttp:\/\/www.westinautomotive.com\/\u00a0\u00bb css=\u00a0\u00bb.vc_custom_1493320419295{padding-bottom: 20px !important;}\u00a0\u00bb][vc_single_image image=\u00a0\u00bb3760&Prime; add_caption=\u00a0\u00bbyes\u00a0\u00bb alignment=\u00a0\u00bbcenter\u00a0\u00bb onclick=\u00a0\u00bbcustom_link\u00a0\u00bb img_link_target=\u00a0\u00bb_blank\u00a0\u00bb link=\u00a0\u00bbhttp:\/\/www.ruggedridge.com\/\u00a0\u00bb css=\u00a0\u00bb.vc_custom_1493321181307{padding-bottom: 20px !important;}\u00a0\u00bb][\/vc_column][vc_column width=\u00a0\u00bb1\/6&Prime;][vc_single_image image=\u00a0\u00bb3739&Prime; add_caption=\u00a0\u00bbyes\u00a0\u00bb alignment=\u00a0\u00bbcenter\u00a0\u00bb onclick=\u00a0\u00bbcustom_link\u00a0\u00bb img_link_target=\u00a0\u00bb_blank\u00a0\u00bb link=\u00a0\u00bbhttp:\/\/www.teamxenon.com\/\u00a0\u00bb css=\u00a0\u00bb.vc_custom_1493319244882{padding-bottom: 20px !important;}\u00a0\u00bb][vc_single_image image=\u00a0\u00bb3747&Prime; add_caption=\u00a0\u00bbyes\u00a0\u00bb alignment=\u00a0\u00bbcenter\u00a0\u00bb onclick=\u00a0\u00bbcustom_link\u00a0\u00bb img_link_target=\u00a0\u00bb_blank\u00a0\u00bb link=\u00a0\u00bbhttps:\/\/www.covercraft.com\/us\/en\/\u00a0\u00bb css=\u00a0\u00bb.vc_custom_1493319923651{padding-bottom: 20px !important;}\u00a0\u00bb][vc_single_image image=\u00a0\u00bb3753&Prime; add_caption=\u00a0\u00bbyes\u00a0\u00bb alignment=\u00a0\u00bbcenter\u00a0\u00bb onclick=\u00a0\u00bbcustom_link\u00a0\u00bb img_link_target=\u00a0\u00bb_blank\u00a0\u00bb link=\u00a0\u00bbhttp:\/\/www.grantproducts.com\/\u00a0\u00bb css=\u00a0\u00bb.vc_custom_1493320573993{padding-bottom: 20px !important;}\u00a0\u00bb][vc_single_image image=\u00a0\u00bb3761&Prime; add_caption=\u00a0\u00bbyes\u00a0\u00bb alignment=\u00a0\u00bbcenter\u00a0\u00bb onclick=\u00a0\u00bbcustom_link\u00a0\u00bb img_link_target=\u00a0\u00bb_blank\u00a0\u00bb link=\u00a0\u00bbhttps:\/\/www.kyb.com\/\u00a0\u00bb css=\u00a0\u00bb.vc_custom_1493321302307{padding-bottom: 20px !important;}\u00a0\u00bb][\/vc_column][vc_column width=\u00a0\u00bb1\/6&Prime;][vc_single_image image=\u00a0\u00bb3865&Prime; add_caption=\u00a0\u00bbyes\u00a0\u00bb alignment=\u00a0\u00bbcenter\u00a0\u00bb onclick=\u00a0\u00bbcustom_link\u00a0\u00bb img_link_target=\u00a0\u00bb_blank\u00a0\u00bb link=\u00a0\u00bbhttp:\/\/jspamerica.com\/\u00a0\u00bb css=\u00a0\u00bb.vc_custom_1493558749086{padding-bottom: 20px !important;}\u00a0\u00bb][vc_single_image image=\u00a0\u00bb3748&Prime; add_caption=\u00a0\u00bbyes\u00a0\u00bb alignment=\u00a0\u00bbcenter\u00a0\u00bb onclick=\u00a0\u00bbcustom_link\u00a0\u00bb img_link_target=\u00a0\u00bb_blank\u00a0\u00bb link=\u00a0\u00bbhttp:\/\/www.trailfx.com\/\u00a0\u00bb css=\u00a0\u00bb.vc_custom_1493320009800{padding-bottom: 20px !important;}\u00a0\u00bb][vc_single_image image=\u00a0\u00bb3754&Prime; add_caption=\u00a0\u00bbyes\u00a0\u00bb alignment=\u00a0\u00bbcenter\u00a0\u00bb onclick=\u00a0\u00bbcustom_link\u00a0\u00bb img_link_target=\u00a0\u00bb_blank\u00a0\u00bb link=\u00a0\u00bbhttp:\/\/www.kchilites.com\/\u00a0\u00bb css=\u00a0\u00bb.vc_custom_1493320643225{padding-bottom: 20px !important;}\u00a0\u00bb][vc_single_image image=\u00a0\u00bb3762&Prime; add_caption=\u00a0\u00bbyes\u00a0\u00bb alignment=\u00a0\u00bbcenter\u00a0\u00bb onclick=\u00a0\u00bbcustom_link\u00a0\u00bb img_link_target=\u00a0\u00bb_blank\u00a0\u00bb link=\u00a0\u00bbhttp:\/\/www.weathertech.ca\/fr\/?vsp=1&Prime; css=\u00a0\u00bb.vc_custom_1493321425425{padding-bottom: 20px !important;}\u00a0\u00bb][\/vc_column][\/vc_row]<\/p>\n<\/div>","protected":false},"excerpt":{"rendered":"<p>[vc_row][vc_column][vc_column_text css=\u00a0\u00bb.vc_custom_1493562237230{padding-bottom: 40px !important;}\u00a0\u00bb] Pour l&rsquo;int\u00e9rieur ou l&rsquo;ext\u00e9rieur de votre auto ou camion Optimisez votre auto avec des accessoires neufs ou usag\u00e9s. Mr Mags vous proposera des produits adapt\u00e9s \u00e0 vos besoins et \u00e0 votre budget. Pourquoi payer plus? Voyez tout le choix qui vous est offert![\/vc_column_text][vc_btn title=\u00a0\u00bbDemandez une estimation d\u00e8s maintenant\u00a0\u00bb style=\u00a0\u00bbclassic\u00a0\u00bb color=\u00a0\u00bbwarning\u00a0\u00bb align=\u00a0\u00bbcenter\u00a0\u00bb [&hellip;]<\/p>\n","protected":false},"author":1,"featured_media":0,"parent":0,"menu_order":0,"comment_status":"closed","ping_status":"closed","template":"","meta":{"om_disable_all_campaigns":false,"_exactmetrics_skip_tracking":false,"_exactmetrics_sitenote_active":false,"_exactmetrics_sitenote_note":"","_exactmetrics_sitenote_category":0,"_monsterinsights_skip_tracking":false,"_monsterinsights_sitenote_active":false,"_monsterinsights_sitenote_note":"","_monsterinsights_sitenote_category":0,"footnotes":""},"class_list":["post-3734","page","type-page","status-publish","hentry"],"aioseo_notices":[],"_links":{"self":[{"href":"https:\/\/mrmags.ca\/magsmeilleurprix\/wp-json\/wp\/v2\/pages\/3734"}],"collection":[{"href":"https:\/\/mrmags.ca\/magsmeilleurprix\/wp-json\/wp\/v2\/pages"}],"about":[{"href":"https:\/\/mrmags.ca\/magsmeilleurprix\/wp-json\/wp\/v2\/types\/page"}],"author":[{"embeddable":true,"href":"https:\/\/mrmags.ca\/magsmeilleurprix\/wp-json\/wp\/v2\/users\/1"}],"replies":[{"embeddable":true,"href":"https:\/\/mrmags.ca\/magsmeilleurprix\/wp-json\/wp\/v2\/comments?post=3734"}],"version-history":[{"count":11,"href":"https:\/\/mrmags.ca\/magsmeilleurprix\/wp-json\/wp\/v2\/pages\/3734\/revisions"}],"predecessor-version":[{"id":3891,"href":"https:\/\/mrmags.ca\/magsmeilleurprix\/wp-json\/wp\/v2\/pages\/3734\/revisions\/3891"}],"wp:attachment":[{"href":"https:\/\/mrmags.ca\/magsmeilleurprix\/wp-json\/wp\/v2\/media?parent=3734"}],"curies":[{"name":"wp","href":"https:\/\/api.w.org\/{rel}","templated":true}]}}