{"id":2968,"date":"2015-09-25T09:54:27","date_gmt":"2015-09-25T09:54:27","guid":{"rendered":"http:\/\/themes.webdevia.com\/bodyguard\/?page_id=2968"},"modified":"2017-06-22T09:48:28","modified_gmt":"2017-06-22T09:48:28","slug":"mags-et-pneus-au-meilleur-prix","status":"publish","type":"page","link":"https:\/\/mrmags.ca\/magsmeilleurprix\/fr\/","title":{"rendered":"Accueil"},"content":{"rendered":"<div class=\"wpb-content-wrapper\"><p>[vc_row][vc_column][rev_slider_vc alias=\u00a0\u00bbmrmags\u00a0\u00bb][\/vc_column][\/vc_row][vc_row full_width=\u00a0\u00bbstretch_row\u00a0\u00bb content_placement=\u00a0\u00bbmiddle\u00a0\u00bb css=\u00a0\u00bb.vc_custom_1492182423277{padding-bottom: 50px !important;}\u00a0\u00bb][vc_column][vc_column_text]<\/p>\n<h1 style=\"text-align: center;\"><span style=\"color: #fbb714;\"><strong>Pour votre auto ou votre camion : faites affaires avec le meilleur!<\/strong><\/span><\/h1>\n<h3><\/h3>\n<p>[\/vc_column_text][vc_row_inner][vc_column_inner width=\u00a0\u00bb1\/6&Prime;][vc_column_text]<\/p>\n<h3 style=\"text-align: center;\"><a href=\"https:\/\/mrmags.ca\/magsmeilleurprix\/mags-a-rabais-mags-a-bas-prix-jantes-mags\/\"><img loading=\"lazy\" decoding=\"async\" class=\"aligncenter wp-image-3562 size-full\" src=\"https:\/\/mrmags.ca\/magsmeilleurprix\/wp-content\/uploads\/2015\/09\/Icone-meilleur-prix-jantes-mags-v1.png\" alt=\"\" width=\"100\" height=\"100\" \/><\/a><br \/>\nJantes &#8211; Mags<\/h3>\n<p>[\/vc_column_text][\/vc_column_inner][vc_column_inner width=\u00a0\u00bb1\/6&Prime;][vc_column_text]<\/p>\n<h3 style=\"text-align: center;\"><a href=\"https:\/\/mrmags.ca\/magsmeilleurprix\/pneus-a-rabais-pneus-a-bas-prix-pneus-neufs-et-usages-de-toutes-dimensions\/\"><img loading=\"lazy\" decoding=\"async\" class=\"aligncenter wp-image-3567 size-full\" src=\"https:\/\/mrmags.ca\/magsmeilleurprix\/wp-content\/uploads\/2015\/09\/Icone-meilleur-prix-pneus-v1.png\" alt=\"\" width=\"100\" height=\"100\" \/><\/a><br \/>\nPneus<\/h3>\n<p>[\/vc_column_text][\/vc_column_inner][vc_column_inner width=\u00a0\u00bb1\/6&Prime;][vc_column_text]<\/p>\n<h3 style=\"text-align: center;\"><a href=\"https:\/\/mrmags.ca\/magsmeilleurprix\/pieces-auto-accessoires-camion-pieces-et-accessoires-pour-auto-et-camion\/\"><img loading=\"lazy\" decoding=\"async\" class=\"aligncenter wp-image-3568 size-full\" src=\"https:\/\/mrmags.ca\/magsmeilleurprix\/wp-content\/uploads\/2015\/09\/Icone-meilleur-prix-pieces-v1.png\" alt=\"\" width=\"100\" height=\"100\" \/><\/a><br \/>\nAccessoires autos et camions<\/h3>\n<p>[\/vc_column_text][\/vc_column_inner][vc_column_inner width=\u00a0\u00bb1\/6&Prime;][vc_column_text]<\/p>\n<h3 style=\"text-align: center;\"><a href=\"https:\/\/mrmags.ca\/magsmeilleurprix\/pieces-performance-pieces-et-accessoires-de-haute-performance\/\"><img loading=\"lazy\" decoding=\"async\" class=\"aligncenter wp-image-3564 size-full\" src=\"https:\/\/mrmags.ca\/magsmeilleurprix\/wp-content\/uploads\/2015\/09\/Icone-meilleur-prix-accessoires-v1.png\" alt=\"\" width=\"100\" height=\"100\" \/><\/a><br \/>\nPi\u00e8ces haute performance<\/h3>\n<p>[\/vc_column_text][\/vc_column_inner][vc_column_inner width=\u00a0\u00bb1\/6&Prime;][vc_column_text]<\/p>\n<h3 style=\"text-align: center;\"><a href=\"https:\/\/mrmags.ca\/magsmeilleurprix\/mags-meilleur-prix-vente-et-installation-de-systeme-audio\/\"><img loading=\"lazy\" decoding=\"async\" class=\"aligncenter wp-image-3565 size-full\" src=\"https:\/\/mrmags.ca\/magsmeilleurprix\/wp-content\/uploads\/2015\/09\/Icone-meilleur-prix-audio-v1.png\" alt=\"\" width=\"100\" height=\"100\" \/><\/a><br \/>\nSyst\u00e8me audio<\/h3>\n<p>[\/vc_column_text][\/vc_column_inner][vc_column_inner width=\u00a0\u00bb1\/6&Prime;][vc_column_text]<\/p>\n<h3 style=\"text-align: center;\"><a href=\"https:\/\/mrmags.ca\/magsmeilleurprix\/pieces-pour-remorques-hitch-remorque-attelage-pieces-et-accessoires-pour-remorques\/\"><img loading=\"lazy\" decoding=\"async\" class=\"aligncenter wp-image-3566 size-full\" src=\"https:\/\/mrmags.ca\/magsmeilleurprix\/wp-content\/uploads\/2015\/09\/Icone-meilleur-prix-hitch-v1.png\" alt=\"\" width=\"100\" height=\"100\" \/><\/a><br \/>\nAttelages pour remorques<\/h3>\n<p>[\/vc_column_text][\/vc_column_inner][\/vc_row_inner][\/vc_column][\/vc_row][vc_row full_width=\u00a0\u00bbstretch_row\u00a0\u00bb parallax=\u00a0\u00bbyes\u00a0\u00bb parallax_image=\u00a0\u00bb3544&Prime; parallax_speed_bg=\u00a0\u00bb2&Prime; css=\u00a0\u00bb.vc_custom_1493568459994{padding-top: 80px !important;padding-bottom: 80px !important;}\u00a0\u00bb][vc_column][vc_column_text]<\/p>\n<h1>Vous cherchez l\u2019introuvable? Venez nous visiter!<\/h1>\n<p>Chez Mr Mags autosport, vous rencontrez une \u00e9quipe de passionn\u00e9s pour les v\u00e9hicules, mais surtout par votre v\u00e9hicule. Nos experts, cumulant de nombreuses ann\u00e9es d&rsquo;exp\u00e9rience et plusieurs prix d&rsquo;esth\u00e9tique automobile et de sound pressure level, savent de quoi ils vous parlent. Ils savent vous \u00e9couter et vous conseiller de fa\u00e7on ad\u00e9quate tout en respectant votre budget. Vous cherchez l&rsquo;accessoire parfait pour votre camion mont\u00e9 ou votre auto sport, le bijou dont vous r\u00eavez? ou vous voulez simplement un accessoire pratique pour votre quotidien? Peu importe, nos conseillers vous accueilleront aussi cordialement et vous offriront toujours les plus bas prix possibles.[\/vc_column_text][\/vc_column][\/vc_row][vc_row full_width=\u00a0\u00bbstretch_row\u00a0\u00bb css=\u00a0\u00bb.vc_custom_1492522916458{padding-bottom: 50px !important;background-color: #fbb714 !important;}\u00a0\u00bb][vc_column][vc_column_text]<\/p>\n<h1 style=\"text-align: left;\"><strong><span style=\"color: #000000;\">Vous \u00eates \u00e0 la bonne place!<\/span><\/strong><\/h1>\n<p><span style=\"color: #000000;\">Entreprise familiale \u00e9tablie depuis 1947, Mr Mags est un incontournable pour prendre soin de votre v\u00e9hicule. Auto et camion, c&rsquo;est notre passion. Pour des prix imbattables sur les pneus et jantes de toute dimension, pour changer votre pare-brise ou trouver une pi\u00e8ce, pour installer une protection ad\u00e9quate sur votre v\u00e9hicule, pour de la qualit\u00e9, c&rsquo;est chez Mr Mags que vous devez passer.<\/span>[\/vc_column_text][\/vc_column][\/vc_row][vc_row full_width=\u00a0\u00bbstretch_row_content_no_spaces\u00a0\u00bb equal_height=\u00a0\u00bbyes\u00a0\u00bb][vc_column width=\u00a0\u00bb1\/2&Prime; css=\u00a0\u00bb.vc_custom_1492521932845{background-image: url(https:\/\/mrmags.ca\/magsmeilleurprix\/wp-content\/uploads\/2015\/09\/MrMags-meilleures-replacement-reparation-parebrise.jpg?id=3580) !important;background-position: center !important;background-repeat: no-repeat !important;background-size: cover !important;}\u00a0\u00bb][\/vc_column][vc_column width=\u00a0\u00bb1\/2&Prime;][vc_column_text css=\u00a0\u00bb.vc_custom_1492522981669{padding-top: 80px !important;padding-right: 40px !important;padding-bottom: 20px !important;padding-left: 40px !important;}\u00a0\u00bb]<\/p>\n<h1><span style=\"color: #fbb714;\">Installation et r\u00e9paration de pare-brise<\/span><\/h1>\n<p>Que vous ayez un v\u00e9hicule plus r\u00e9cent ou quelque chose de plus ancien, vous avez besoin d&rsquo;\u00eatre en s\u00e9curit\u00e9. Avec ses ann\u00e9es d&rsquo;exp\u00e9rience dans le domaine, Mr Mags vous offre la qualit\u00e9 optimale pour vos r\u00e9parations et le remplacement de pare-brise, et ce de la plus haute qualit\u00e9 pour nos clients. Nos techniciens qualifi\u00e9s utilisent les meilleurs produits\u00a0pour le remplacement de votre pare-brise, assurant une installation de qualit\u00e9.[\/vc_column_text][vc_btn title=\u00a0\u00bbDemandez une estimation d\u00e8s maintenant\u00a0\u00bb style=\u00a0\u00bbclassic\u00a0\u00bb color=\u00a0\u00bbwarning\u00a0\u00bb el_class=\u00a0\u00bbbouton\u00a0\u00bb css=\u00a0\u00bb.vc_custom_1493401294934{padding-right: 40px !important;padding-bottom: 80px !important;padding-left: 40px !important;}\u00a0\u00bb link=\u00a0\u00bburl:http%3A%2F%2Fmrmags.ca%2Fmagsmeilleurprix%2Ffr%2Fdemandez-une-estimation-des-maintenant%2F|||\u00a0\u00bb][\/vc_column][\/vc_row]<\/p>\n<\/div>","protected":false},"excerpt":{"rendered":"<p>[vc_row][vc_column][rev_slider_vc alias=\u00a0\u00bbmrmags\u00a0\u00bb][\/vc_column][\/vc_row][vc_row full_width=\u00a0\u00bbstretch_row\u00a0\u00bb content_placement=\u00a0\u00bbmiddle\u00a0\u00bb css=\u00a0\u00bb.vc_custom_1492182423277{padding-bottom: 50px !important;}\u00a0\u00bb][vc_column][vc_column_text] Pour votre auto ou votre camion : faites affaires avec le meilleur! [\/vc_column_text][vc_row_inner][vc_column_inner width=\u00a0\u00bb1\/6&Prime;][vc_column_text] Jantes &#8211; Mags [\/vc_column_text][\/vc_column_inner][vc_column_inner width=\u00a0\u00bb1\/6&Prime;][vc_column_text] Pneus [\/vc_column_text][\/vc_column_inner][vc_column_inner width=\u00a0\u00bb1\/6&Prime;][vc_column_text] Accessoires autos et camions [\/vc_column_text][\/vc_column_inner][vc_column_inner width=\u00a0\u00bb1\/6&Prime;][vc_column_text] Pi\u00e8ces haute performance [\/vc_column_text][\/vc_column_inner][vc_column_inner width=\u00a0\u00bb1\/6&Prime;][vc_column_text] Syst\u00e8me audio [\/vc_column_text][\/vc_column_inner][vc_column_inner width=\u00a0\u00bb1\/6&Prime;][vc_column_text] Attelages pour remorques [\/vc_column_text][\/vc_column_inner][\/vc_row_inner][\/vc_column][\/vc_row][vc_row full_width=\u00a0\u00bbstretch_row\u00a0\u00bb parallax=\u00a0\u00bbyes\u00a0\u00bb parallax_image=\u00a0\u00bb3544&Prime; parallax_speed_bg=\u00a0\u00bb2&Prime; css=\u00a0\u00bb.vc_custom_1493568459994{padding-top: 80px !important;padding-bottom: [&hellip;]<\/p>\n","protected":false},"author":1,"featured_media":0,"parent":0,"menu_order":0,"comment_status":"closed","ping_status":"closed","template":"","meta":{"om_disable_all_campaigns":false,"_exactmetrics_skip_tracking":false,"_exactmetrics_sitenote_active":false,"_exactmetrics_sitenote_note":"","_exactmetrics_sitenote_category":0,"_monsterinsights_skip_tracking":false,"_monsterinsights_sitenote_active":false,"_monsterinsights_sitenote_note":"","_monsterinsights_sitenote_category":0,"footnotes":""},"class_list":["post-2968","page","type-page","status-publish","hentry"],"aioseo_notices":[],"_links":{"self":[{"href":"https:\/\/mrmags.ca\/magsmeilleurprix\/wp-json\/wp\/v2\/pages\/2968"}],"collection":[{"href":"https:\/\/mrmags.ca\/magsmeilleurprix\/wp-json\/wp\/v2\/pages"}],"about":[{"href":"https:\/\/mrmags.ca\/magsmeilleurprix\/wp-json\/wp\/v2\/types\/page"}],"author":[{"embeddable":true,"href":"https:\/\/mrmags.ca\/magsmeilleurprix\/wp-json\/wp\/v2\/users\/1"}],"replies":[{"embeddable":true,"href":"https:\/\/mrmags.ca\/magsmeilleurprix\/wp-json\/wp\/v2\/comments?post=2968"}],"version-history":[{"count":59,"href":"https:\/\/mrmags.ca\/magsmeilleurprix\/wp-json\/wp\/v2\/pages\/2968\/revisions"}],"predecessor-version":[{"id":4055,"href":"https:\/\/mrmags.ca\/magsmeilleurprix\/wp-json\/wp\/v2\/pages\/2968\/revisions\/4055"}],"wp:attachment":[{"href":"https:\/\/mrmags.ca\/magsmeilleurprix\/wp-json\/wp\/v2\/media?parent=2968"}],"curies":[{"name":"wp","href":"https:\/\/api.w.org\/{rel}","templated":true}]}}